{"id":1883,"date":"2021-04-27T20:23:19","date_gmt":"2021-04-27T18:23:19","guid":{"rendered":"https:\/\/shop.ivema.com.de\/?page_id=1883"},"modified":"2025-04-14T12:29:26","modified_gmt":"2025-04-14T10:29:26","slug":"impressum","status":"publish","type":"page","link":"https:\/\/shop.ivema.com.de\/en\/impressum\/","title":{"rendered":"Impressum"},"content":{"rendered":"<p>Verantwortlich f\u00fcr die Inhalte dieser Seite (Angaben entspr.&nbsp;<a href=\"http:\/\/www.juraforum.de\/gesetze\/TMG\/5\/5_TMG_allgemeine_informationspflichten.html\">\u00a7 5 TMG<\/a>&nbsp;und&nbsp;<a href=\"http:\/\/www.juraforum.de\/gesetze\/RStV,NI\/55_RStV\/55_RStV_RStV,NI_informationspflichten_und_informationsrechte.html\">\u00a7 55 RStV)<\/a>:<\/p>\n\n\n\n<p>Ivema-Fahrleitungsbau GmbH<\/p>\n\n\n\n<p>Dessauerstr. 60<br>45472 M\u00fclheim an der Ruhr<\/p>\n\n\n\n<p>Vertretungsberechtigt: Lutz Spiller, Gesch\u00e4ftsf\u00fchrer<\/p>\n\n\n\n<p>HRB 30647,&nbsp; Registergericht: AG Duisburg<\/p>\n\n\n\n<p>Kontakt:<br>Telefon:&nbsp; +49 208 3902-11<br>Telefax: Fax&nbsp;+49 208 43908383<br>E-Mail: kontakt@ivema.com.de<\/p>\n\n\n\n<p>Umsatzsteuer-ID:<br>DE 319149788<\/p>\n\n\n\n<p>Steuer-Identifikationsnummer:<br>5120\/5766\/1326<\/p>\n\n\n\n<p>Zollnummer, EORI:<br>DE 25800 5452 646954<\/p>\n\n\n\n<h3 class=\"wp-block-heading\">1. Warnhinweis zu Inhalten<\/h3>\n\n\n\n<p>Die kostenlosen und frei zug\u00e4nglichen Inhalte dieser Webseite wurden mit gr\u00f6\u00dftm\u00f6glicher Sorgfalt erstellt. Der Anbieter dieser Webseite \u00fcbernimmt jedoch keine Gew\u00e4hr f\u00fcr die Richtigkeit und Aktualit\u00e4t der bereitgestellten kostenlosen und frei zug\u00e4nglichen journalistischen Ratgeber und Nachrichten. Namentlich gekennzeichnete Beitr\u00e4ge geben die Meinung des jeweiligen Autors und nicht immer die Meinung des Anbieters wieder. Allein durch den Aufruf der kostenlosen und frei zug\u00e4nglichen Inhalte kommt keinerlei Vertragsverh\u00e4ltnis zwischen dem Nutzer und dem Anbieter zustande, insoweit fehlt es am Rechtsbindungswillen des Anbieters.<\/p>\n\n\n\n<h3 class=\"wp-block-heading\">2. Externe Links<\/h3>\n\n\n\n<p>Diese Website kann Verkn\u00fcpfungen zu Websites Dritter (\u201eexterne Links\u201c) enthalten. Diese Websites unterliegen der Haftung der jeweiligen Betreiber. Der Anbieter hat bei der erstmaligen Verkn\u00fcpfung der externen Links die fremden Inhalte daraufhin \u00fcberpr\u00fcft, ob etwaige Rechtsverst\u00f6\u00dfe bestehen. Zu dem Zeitpunkt waren keine Rechtsverst\u00f6\u00dfe ersichtlich. Der Anbieter hat keinerlei Einfluss auf die aktuelle und zuk\u00fcnftige Gestaltung und auf die Inhalte der verkn\u00fcpften Seiten. Das Setzen von externen Links bedeutet nicht, dass sich der Anbieter die hinter dem Verweis oder Link liegenden Inhalte zu Eigen macht. Eine st\u00e4ndige Kontrolle der externen Links ist f\u00fcr den Anbieter ohne konkrete Hinweise auf Rechtsverst\u00f6\u00dfe nicht zumutbar. Bei Kenntnis von Rechtsverst\u00f6\u00dfen werden jedoch derartige externe Links unverz\u00fcglich gel\u00f6scht.<\/p>\n\n\n\n<h3 class=\"wp-block-heading\">3. Urheber- und Leistungsschutzrechte<\/h3>\n\n\n\n<p>Die auf dieser Website ver\u00f6ffentlichten Inhalte unterliegen dem deutschen Urheber- und Leistungsschutzrecht. Jede vom deutschen Urheber- und Leistungsschutzrecht nicht zugelassene Verwertung bedarf der vorherigen schriftlichen Zustimmung des Anbieters oder jeweiligen Rechteinhabers. Dies gilt insbesondere f\u00fcr Vervielf\u00e4ltigung, Bearbeitung, \u00dcbersetzung, Einspeicherung, Verarbeitung bzw. Wiedergabe von Inhalten in Datenbanken oder anderen elektronischen Medien und Systemen. Inhalte und Rechte Dritter sind dabei als solche gekennzeichnet. Die unerlaubte Vervielf\u00e4ltigung oder Weitergabe einzelner Inhalte oder kompletter Seiten ist nicht gestattet und strafbar. Lediglich die Herstellung von Kopien und Downloads f\u00fcr den pers\u00f6nlichen, privaten und nicht kommerziellen Gebrauch ist erlaubt.<\/p>\n\n\n\n<p>Die Darstellung dieser Website in fremden Frames ist nur mit schriftlicher Erlaubnis zul\u00e4ssig.<\/p>\n\n\n\n<h3 class=\"wp-block-heading\">4. Besondere Nutzungsbedingungen<\/h3>\n\n\n\n<p>Soweit besondere Bedingungen f\u00fcr einzelne Nutzungen dieser Website von den vorgenannten Nummern 1. bis 4. abweichen, wird an entsprechender Stelle ausdr\u00fccklich darauf hingewiesen. In diesem Falle gelten im jeweiligen Einzelfall besondere Nutzungsbedingungen, welche im jeweiligen Einzelfall gesondert zu vereinbaren sind.Quelle: Muster-Disclaimer vom&nbsp;<a href=\"http:\/\/www.juraforum.de\/\">Juraforum.de<\/a>.<\/p>","protected":false},"excerpt":{"rendered":"<p>Verantwortlich f\u00fcr die Inhalte dieser Seite (Angaben entspr.&nbsp;\u00a7 5 TMG&nbsp;und&nbsp;\u00a7 55 RStV): Ivema-Fahrleitungsbau GmbH Dessauerstr. 6045472 M\u00fclheim an der Ruhr Vertretungsberechtigt: Lutz Spiller, Gesch\u00e4ftsf\u00fchrer HRB 30647,&nbsp; Registergericht: AG Duisburg Kontakt:Telefon:&nbsp; +49 208 3902-11Telefax: Fax&nbsp;+49 208 43908383E-Mail: kontakt@ivema.com.de Umsatzsteuer-ID:DE 319149788 Steuer-Identifikationsnummer:5120\/5766\/1326 Zollnummer, EORI:DE 25800 5452 646954 1. Warnhinweis zu Inhalten Die kostenlosen und frei zug\u00e4nglichen Inhalte&#8230;<\/p>","protected":false},"author":2,"featured_media":0,"parent":0,"menu_order":0,"comment_status":"closed","ping_status":"closed","template":"","meta":{"_kad_blocks_custom_css":"","_kad_blocks_head_custom_js":"","_kad_blocks_body_custom_js":"","_kad_blocks_footer_custom_js":"","_kad_post_transparent":"","_kad_post_title":"","_kad_post_layout":"narrow","_kad_post_sidebar_id":"","_kad_post_content_style":"","_kad_post_vertical_padding":"","_kad_post_feature":"","_kad_post_feature_position":"","_kad_post_header":false,"_kad_post_footer":false,"_kad_post_classname":"","iawp_total_views":39,"footnotes":""},"class_list":["post-1883","page","type-page","status-publish","hentry"],"yoast_head":"<!-- This site is optimized with the Yoast SEO plugin v27.4 - https:\/\/yoast.com\/product\/yoast-seo-wordpress\/ -->\n<title>Impressum - Ivema Shop<\/title>\n<meta name=\"robots\" content=\"index, follow, max-snippet:-1, max-image-preview:large, max-video-preview:-1\" \/>\n<link rel=\"canonical\" href=\"https:\/\/shop.ivema.com.de\/en\/impressum\/\" \/>\n<meta property=\"og:locale\" content=\"en_US\" \/>\n<meta property=\"og:type\" content=\"article\" \/>\n<meta property=\"og:title\" content=\"Impressum - Ivema Shop\" \/>\n<meta property=\"og:description\" content=\"Verantwortlich f\u00fcr die Inhalte dieser Seite (Angaben entspr.&nbsp;\u00a7 5 TMG&nbsp;und&nbsp;\u00a7 55 RStV): Ivema-Fahrleitungsbau GmbH Dessauerstr. 6045472 M\u00fclheim an der Ruhr Vertretungsberechtigt: Lutz Spiller, Gesch\u00e4ftsf\u00fchrer HRB 30647,&nbsp; Registergericht: AG Duisburg Kontakt:Telefon:&nbsp; +49 208 3902-11Telefax: Fax&nbsp;+49 208 43908383E-Mail: kontakt@ivema.com.de Umsatzsteuer-ID:DE 319149788 Steuer-Identifikationsnummer:5120\/5766\/1326 Zollnummer, EORI:DE 25800 5452 646954 1. Warnhinweis zu Inhalten Die kostenlosen und frei zug\u00e4nglichen Inhalte...\" \/>\n<meta property=\"og:url\" content=\"https:\/\/shop.ivema.com.de\/en\/impressum\/\" \/>\n<meta property=\"og:site_name\" content=\"Ivema Shop\" \/>\n<meta property=\"article:publisher\" content=\"https:\/\/www.facebook.com\/Ivema_official-106357571746893\" \/>\n<meta property=\"article:modified_time\" content=\"2025-04-14T10:29:26+00:00\" \/>\n<meta name=\"twitter:card\" content=\"summary_large_image\" \/>\n<script type=\"application\/ld+json\" class=\"yoast-schema-graph\">{\"@context\":\"https:\\\/\\\/schema.org\",\"@graph\":[{\"@type\":\"WebPage\",\"@id\":\"https:\\\/\\\/shop.ivema.com.de\\\/impressum\\\/\",\"url\":\"https:\\\/\\\/shop.ivema.com.de\\\/impressum\\\/\",\"name\":\"Impressum - Ivema Shop\",\"isPartOf\":{\"@id\":\"https:\\\/\\\/shop.ivema.com.de\\\/#website\"},\"datePublished\":\"2021-04-27T18:23:19+00:00\",\"dateModified\":\"2025-04-14T10:29:26+00:00\",\"inLanguage\":\"en-US\",\"potentialAction\":[{\"@type\":\"ReadAction\",\"target\":[\"https:\\\/\\\/shop.ivema.com.de\\\/impressum\\\/\"]}]},{\"@type\":\"WebSite\",\"@id\":\"https:\\\/\\\/shop.ivema.com.de\\\/#website\",\"url\":\"https:\\\/\\\/shop.ivema.com.de\\\/\",\"name\":\"Ivema Shop\",\"description\":\"Online-Katalog der Ivema Fahrleitungsbau GmbH\",\"publisher\":{\"@id\":\"https:\\\/\\\/shop.ivema.com.de\\\/#organization\"},\"potentialAction\":[{\"@type\":\"SearchAction\",\"target\":{\"@type\":\"EntryPoint\",\"urlTemplate\":\"https:\\\/\\\/shop.ivema.com.de\\\/?s={search_term_string}\"},\"query-input\":{\"@type\":\"PropertyValueSpecification\",\"valueRequired\":true,\"valueName\":\"search_term_string\"}}],\"inLanguage\":\"en-US\"},{\"@type\":\"Organization\",\"@id\":\"https:\\\/\\\/shop.ivema.com.de\\\/#organization\",\"name\":\"Ivema Shop\",\"url\":\"https:\\\/\\\/shop.ivema.com.de\\\/\",\"logo\":{\"@type\":\"ImageObject\",\"inLanguage\":\"en-US\",\"@id\":\"https:\\\/\\\/shop.ivema.com.de\\\/#\\\/schema\\\/logo\\\/image\\\/\",\"url\":\"https:\\\/\\\/shop.ivema.com.de\\\/wp-content\\\/uploads\\\/2024\\\/05\\\/FAHRLEITUNGSBAU_Logo-Konvertiert.png\",\"contentUrl\":\"https:\\\/\\\/shop.ivema.com.de\\\/wp-content\\\/uploads\\\/2024\\\/05\\\/FAHRLEITUNGSBAU_Logo-Konvertiert.png\",\"width\":2029,\"height\":2456,\"caption\":\"Ivema Shop\"},\"image\":{\"@id\":\"https:\\\/\\\/shop.ivema.com.de\\\/#\\\/schema\\\/logo\\\/image\\\/\"},\"sameAs\":[\"https:\\\/\\\/www.facebook.com\\\/Ivema_official-106357571746893\",\"https:\\\/\\\/instagram.com\\\/ivema_official?r=nametag\",\"https:\\\/\\\/www.linkedin.com\\\/company\\\/80741367\\\/admin\\\/\"]}]}<\/script>\n<!-- \/ Yoast SEO plugin. -->","yoast_head_json":{"title":"Impressum - Ivema Shop","robots":{"index":"index","follow":"follow","max-snippet":"max-snippet:-1","max-image-preview":"max-image-preview:large","max-video-preview":"max-video-preview:-1"},"canonical":"https:\/\/shop.ivema.com.de\/en\/impressum\/","og_locale":"en_US","og_type":"article","og_title":"Impressum - Ivema Shop","og_description":"Verantwortlich f\u00fcr die Inhalte dieser Seite (Angaben entspr.&nbsp;\u00a7 5 TMG&nbsp;und&nbsp;\u00a7 55 RStV): Ivema-Fahrleitungsbau GmbH Dessauerstr. 6045472 M\u00fclheim an der Ruhr Vertretungsberechtigt: Lutz Spiller, Gesch\u00e4ftsf\u00fchrer HRB 30647,&nbsp; Registergericht: AG Duisburg Kontakt:Telefon:&nbsp; +49 208 3902-11Telefax: Fax&nbsp;+49 208 43908383E-Mail: kontakt@ivema.com.de Umsatzsteuer-ID:DE 319149788 Steuer-Identifikationsnummer:5120\/5766\/1326 Zollnummer, EORI:DE 25800 5452 646954 1. Warnhinweis zu Inhalten Die kostenlosen und frei zug\u00e4nglichen Inhalte...","og_url":"https:\/\/shop.ivema.com.de\/en\/impressum\/","og_site_name":"Ivema Shop","article_publisher":"https:\/\/www.facebook.com\/Ivema_official-106357571746893","article_modified_time":"2025-04-14T10:29:26+00:00","twitter_card":"summary_large_image","schema":{"@context":"https:\/\/schema.org","@graph":[{"@type":"WebPage","@id":"https:\/\/shop.ivema.com.de\/impressum\/","url":"https:\/\/shop.ivema.com.de\/impressum\/","name":"Impressum - Ivema Shop","isPartOf":{"@id":"https:\/\/shop.ivema.com.de\/#website"},"datePublished":"2021-04-27T18:23:19+00:00","dateModified":"2025-04-14T10:29:26+00:00","inLanguage":"en-US","potentialAction":[{"@type":"ReadAction","target":["https:\/\/shop.ivema.com.de\/impressum\/"]}]},{"@type":"WebSite","@id":"https:\/\/shop.ivema.com.de\/#website","url":"https:\/\/shop.ivema.com.de\/","name":"Ivema Shop","description":"Online-Katalog der Ivema Fahrleitungsbau GmbH","publisher":{"@id":"https:\/\/shop.ivema.com.de\/#organization"},"potentialAction":[{"@type":"SearchAction","target":{"@type":"EntryPoint","urlTemplate":"https:\/\/shop.ivema.com.de\/?s={search_term_string}"},"query-input":{"@type":"PropertyValueSpecification","valueRequired":true,"valueName":"search_term_string"}}],"inLanguage":"en-US"},{"@type":"Organization","@id":"https:\/\/shop.ivema.com.de\/#organization","name":"Ivema Shop","url":"https:\/\/shop.ivema.com.de\/","logo":{"@type":"ImageObject","inLanguage":"en-US","@id":"https:\/\/shop.ivema.com.de\/#\/schema\/logo\/image\/","url":"https:\/\/shop.ivema.com.de\/wp-content\/uploads\/2024\/05\/FAHRLEITUNGSBAU_Logo-Konvertiert.png","contentUrl":"https:\/\/shop.ivema.com.de\/wp-content\/uploads\/2024\/05\/FAHRLEITUNGSBAU_Logo-Konvertiert.png","width":2029,"height":2456,"caption":"Ivema Shop"},"image":{"@id":"https:\/\/shop.ivema.com.de\/#\/schema\/logo\/image\/"},"sameAs":["https:\/\/www.facebook.com\/Ivema_official-106357571746893","https:\/\/instagram.com\/ivema_official?r=nametag","https:\/\/www.linkedin.com\/company\/80741367\/admin\/"]}]}},"taxonomy_info":[],"featured_image_src_large":false,"author_info":{"display_name":"Lutz","author_link":"https:\/\/shop.ivema.com.de\/en\/author\/lutz\/"},"comment_info":0,"_links":{"self":[{"href":"https:\/\/shop.ivema.com.de\/en\/wp-json\/wp\/v2\/pages\/1883","targetHints":{"allow":["GET"]}}],"collection":[{"href":"https:\/\/shop.ivema.com.de\/en\/wp-json\/wp\/v2\/pages"}],"about":[{"href":"https:\/\/shop.ivema.com.de\/en\/wp-json\/wp\/v2\/types\/page"}],"author":[{"embeddable":true,"href":"https:\/\/shop.ivema.com.de\/en\/wp-json\/wp\/v2\/users\/2"}],"replies":[{"embeddable":true,"href":"https:\/\/shop.ivema.com.de\/en\/wp-json\/wp\/v2\/comments?post=1883"}],"version-history":[{"count":4,"href":"https:\/\/shop.ivema.com.de\/en\/wp-json\/wp\/v2\/pages\/1883\/revisions"}],"predecessor-version":[{"id":2927,"href":"https:\/\/shop.ivema.com.de\/en\/wp-json\/wp\/v2\/pages\/1883\/revisions\/2927"}],"wp:attachment":[{"href":"https:\/\/shop.ivema.com.de\/en\/wp-json\/wp\/v2\/media?parent=1883"}],"curies":[{"name":"wp","href":"https:\/\/api.w.org\/{rel}","templated":true}]}}